{"id":650,"date":"2022-08-30T07:55:10","date_gmt":"2022-08-30T07:55:10","guid":{"rendered":"https:\/\/siveb-cmr.com\/?page_id=650"},"modified":"2022-08-30T11:07:48","modified_gmt":"2022-08-30T11:07:48","slug":"siveb-city-tour","status":"publish","type":"page","link":"https:\/\/gracious-dhawan.212-227-211-20.plesk.page\/index.php\/siveb-city-tour\/","title":{"rendered":"SIVEB CITY TOUR"},"content":{"rendered":"\n<!-- SLIDE LIST : begin -->\n<section class=\"lsvr_slide-list\"\n>\n    <div class=\"lsvr_slide-list__bg\"\n        >\n        <div class=\"lsvr_slide-list__inner\">\n\n            \n                <div class=\"lsvr_slide-list__list\">\n\n                   \n                        <div class=\"lsvr_slide-list__item post-657 lsvr_slide type-lsvr_slide status-publish has-post-thumbnail hentry\">\n                            <div class=\"lsvr_slide-list__item-bg\"\n                                 style=\"background-image: url('https:\/\/gracious-dhawan.212-227-211-20.plesk.page\/wp-content\/uploads\/2022\/08\/siveb-city-tour-3.jpg');\">\n                                <div class=\"lsvr_slide-list__item-inner\">\n\n                                    \n                                        <div class=\"lsvr_slide-list__item-content-wrapper\">\n                                            <div class=\"lsvr_slide-list__item-content\">\n                                                <div class=\"lsvr-container\">\n                                                    <div class=\"lsvr_slide-list__item-content-inner\">\n\n                                                        \n                                                            \n                                                                <h1 class=\"lsvr_slide-list__item-title\">\n\n                                                                    SIVEB CITY TOUR\n                                                                <\/h1>\n\n                                                            \n                                                        \n                                                        \n                                                            <div class=\"lsvr_slide-list__item-text\">\n\n                                                                <!-- wp:paragraph -->\n<p><em><strong>27 AU 29 OCTOBRE 2022<\/strong><\/em> \u00e0 l\u2019esplanade de la mairie de Maroua 1er.<\/p>\n<!-- \/wp:paragraph -->\n                                                            <\/div>\n\n                                                        \n                                                        \n                                                    <\/div>\n                                                <\/div>\n                                            <\/div>\n                                        <\/div>\n\n                                    \n                                <\/div>\n                            <\/div>\n                        <\/div>\n\n                    \n                <\/div>\n\n            \n        <\/div>\n    <\/div>\n<\/section>\n<!-- SLIDE LIST : end -->\n\n\n\n\n<div class=\"wp-block-columns is-layout-flex wp-container-core-columns-is-layout-9d6595d7 wp-block-columns-is-layout-flex\">\n<div class=\"wp-block-column has-background is-layout-flow wp-block-column-is-layout-flow\" style=\"background-color:#ed008c\">\n<hr class=\"wp-block-separator has-text-color has-white-color has-alpha-channel-opacity has-white-background-color has-background is-style-dots\"\/>\n\n\n\n<h2 class=\"has-text-align-center has-white-color has-text-color wp-block-heading\">PRESENTATION<\/h2>\n\n\n\n<p class=\"has-white-color has-text-color\">Le Salon International des industries de la chaine de Valeur Bien-\u00eatre et Esth\u00e9tique (SIVEB) vise la promotion du label \u00ab fabriqu\u00e9 en Afrique avec les produits locaux pour le bien \u00eatre des peaux africaines \u00bb. Il a pour mission la promotion, la capitalisation et la valorisation des savoirs faires des acteurs de la chaine de valeur Esth\u00e9tique et bien-\u00eatre. Il ambitionne d\u2019\u00eatre le plus grand \u00e9v\u00e8nement professionnel d\u00e9di\u00e9 au secteur de la beaut\u00e9 et du<br>bien-\u00eatre en Afrique. C\u2019est une initiative du R\u00e9seau des professionnels des m\u00e9tiers du bien-\u00eatre (REPROBEC). Le Cameroun abritera la premi\u00e8re \u00e9dition qui se tiendra en F\u00e9vrier 2023.<br><\/p>\n\n\n\n<p class=\"has-white-color has-text-color\">En pr\u00e9lude \u00e0 la tenue de ce grand \u00e9v\u00e8nement, Le concept du SIVEB CITY TOUR 2022 a \u00e9t\u00e9 lanc\u00e9 dans 4 grandes aires culturelles du Cameroun. Le Grand-nord, le Grand-Sud, le Littoral et l\u2019OUEST. C\u2019est une caravane qui permettra d\u2019identifier les acteurs de la chaine de valeur bien-\u00eatre et esth\u00e9tique de chaque grande r\u00e9gion du niveau communautaire jusqu\u2019au niveau central. Pour la r\u00e9gion du grand Nord les activit\u00e9s se d\u00e9rouleront \u00e0 Maroua \u00e0 l\u2019esplanade de la mairie de Maroua 1er du Jeudi 27 au samedi 29 Octobre 2022.<\/p>\n<\/div>\n\n\n\n<div class=\"wp-block-column is-layout-flow wp-block-column-is-layout-flow\">\n<hr class=\"wp-block-separator has-text-color has-alpha-channel-opacity has-background is-style-dots\" style=\"background-color:#ed008c;color:#ed008c\"\/>\n\n\n\n<h2 class=\"has-text-align-center has-text-color wp-block-heading\" style=\"color:#ed008c\">OBJECTIFS<\/h2>\n\n\n\n<p>L\u2019objectif g\u00e9n\u00e9ral de la caravane SIVEB CITY TOUR 2022 est d\u2019identifier les industries et talents de la chaine de valeurs bien-\u00eatre et esth\u00e9tique.<\/p>\n\n\n\n<p>Il sera question de mani\u00e8re sp\u00e9cifique de regrouper les acteurs au sein d\u2019une tribune, de visualiser leur savoir-faire, d\u2019identifier leurs difficult\u00e9s et d\u2019explorer ensembles les approches d\u2019accompagnement en vue de la structuration<br>de chaque maillon de la chaine. Enfin, de retenir les meilleurs talents<br>devant repr\u00e9senter l\u2019aire culturelle au SIVEB 2023.<br><\/p>\n\n\n\n<h2 class=\"has-text-align-center has-text-color wp-block-heading\" style=\"color:#ed008c\">METHODOLOGIE<\/h2>\n\n\n\n<p>L\u2019\u00e9v\u00e8nement connaitra :<br>        &#8211; Des Inscriptions et pr\u00e9s\u00e9lection aux comp\u00e9titions du SIVEB            2023<br>        &#8211; Une foire exposition des savoirs faire de ses acteurs<br>        &#8211; Des expos\u00e9s th\u00e9matiques et \u00e9changes<br>        &#8211; Des jeux concours et remise des prix (Meilleur design de salon de beaut\u00e9,<br>meilleur maquillage Africain, Meilleure coiffure artistique et Meilleur maquillage artistique)<\/p>\n<\/div>\n<\/div>\n\n\n\n<hr class=\"wp-block-separator has-alpha-channel-opacity is-style-dots\"\/>\n\n\n\n<div class=\"wp-block-columns is-layout-flex wp-container-core-columns-is-layout-9d6595d7 wp-block-columns-is-layout-flex\">\n<div class=\"wp-block-column is-layout-flow wp-block-column-is-layout-flow\">\n<h2 class=\"has-text-align-center has-text-color wp-block-heading\" style=\"color:#ed008c\">RESULTATS ATTENDUS<\/h2>\n\n\n\n<p>                &#8211; Mobilisation massive des PME,<br>                &#8211; Les industries et savoirs faire de la chaine de<br>                valeur du bien-\u00eatre et esth\u00e9tique sont identifi\u00e9s,<br>                &#8211; Visibilit\u00e9 des produits cosm\u00e9tiques locaux et des<br>                mati\u00e8res premi\u00e8res,<br>                &#8211; Les difficult\u00e9s sont identifi\u00e9es et partag\u00e9es,<br>                &#8211; Les meilleurs acteurs et offres sont prim\u00e9s et<br>                pr\u00e9s\u00e9lectionn\u00e9s pour le SIVEB 2023.<br>                &#8211; une synergie entre les acteurs est cr\u00e9\u00e9e<br><\/p>\n\n\n\n<div style=\"height:31px\" aria-hidden=\"true\" class=\"wp-block-spacer\"><\/div>\n\n\n\n<div class=\"wp-block-buttons is-content-justification-center is-layout-flex wp-container-core-buttons-is-layout-16018d1d wp-block-buttons-is-layout-flex\">\n<div class=\"wp-block-button\"><a class=\"wp-block-button__link has-background\" style=\"background-color:#ed008c\">R\u00e9server votre place Maintenant<\/a><\/div>\n<\/div>\n<\/div>\n\n\n\n<div class=\"wp-block-column is-layout-flow wp-block-column-is-layout-flow\">\n<div class=\"wp-block-group\"><div class=\"wp-block-group__inner-container is-layout-flow wp-block-group-is-layout-flow\">\n<figure class=\"wp-block-gallery has-nested-images columns-3 is-cropped wp-block-gallery-1 is-layout-flex wp-block-gallery-is-layout-flex\">\n<figure class=\"wp-block-image size-large\"><img loading=\"lazy\" decoding=\"async\" width=\"515\" height=\"515\" data-id=\"733\" src=\"https:\/\/gracious-dhawan.212-227-211-20.plesk.page\/wp-content\/uploads\/2022\/08\/siveb-city-tour3-1.jpg\" alt=\"\" class=\"wp-image-733\" srcset=\"https:\/\/gracious-dhawan.212-227-211-20.plesk.page\/wp-content\/uploads\/2022\/08\/siveb-city-tour3-1.jpg 515w, https:\/\/gracious-dhawan.212-227-211-20.plesk.page\/wp-content\/uploads\/2022\/08\/siveb-city-tour3-1-300x300.jpg 300w, https:\/\/gracious-dhawan.212-227-211-20.plesk.page\/wp-content\/uploads\/2022\/08\/siveb-city-tour3-1-150x150.jpg 150w\" sizes=\"auto, (max-width: 515px) 100vw, 515px\" \/><\/figure>\n\n\n\n<figure class=\"wp-block-image size-large\"><img loading=\"lazy\" decoding=\"async\" width=\"515\" height=\"515\" data-id=\"735\" src=\"https:\/\/gracious-dhawan.212-227-211-20.plesk.page\/wp-content\/uploads\/2022\/08\/siveb-city-tour1-2.jpg\" alt=\"\" class=\"wp-image-735\" srcset=\"https:\/\/gracious-dhawan.212-227-211-20.plesk.page\/wp-content\/uploads\/2022\/08\/siveb-city-tour1-2.jpg 515w, https:\/\/gracious-dhawan.212-227-211-20.plesk.page\/wp-content\/uploads\/2022\/08\/siveb-city-tour1-2-300x300.jpg 300w, https:\/\/gracious-dhawan.212-227-211-20.plesk.page\/wp-content\/uploads\/2022\/08\/siveb-city-tour1-2-150x150.jpg 150w\" sizes=\"auto, (max-width: 515px) 100vw, 515px\" \/><\/figure>\n\n\n\n<figure class=\"wp-block-image size-large\"><img loading=\"lazy\" decoding=\"async\" width=\"515\" height=\"515\" data-id=\"736\" src=\"https:\/\/gracious-dhawan.212-227-211-20.plesk.page\/wp-content\/uploads\/2022\/08\/siveb-city-tour-1.jpg\" alt=\"\" class=\"wp-image-736\" srcset=\"https:\/\/gracious-dhawan.212-227-211-20.plesk.page\/wp-content\/uploads\/2022\/08\/siveb-city-tour-1.jpg 515w, https:\/\/gracious-dhawan.212-227-211-20.plesk.page\/wp-content\/uploads\/2022\/08\/siveb-city-tour-1-300x300.jpg 300w, https:\/\/gracious-dhawan.212-227-211-20.plesk.page\/wp-content\/uploads\/2022\/08\/siveb-city-tour-1-150x150.jpg 150w\" sizes=\"auto, (max-width: 515px) 100vw, 515px\" \/><\/figure>\n\n\n\n<figure class=\"wp-block-image size-large\"><img loading=\"lazy\" decoding=\"async\" width=\"515\" height=\"515\" data-id=\"737\" src=\"https:\/\/gracious-dhawan.212-227-211-20.plesk.page\/wp-content\/uploads\/2022\/08\/siveb-city-tour2-2.jpg\" alt=\"\" class=\"wp-image-737\" srcset=\"https:\/\/gracious-dhawan.212-227-211-20.plesk.page\/wp-content\/uploads\/2022\/08\/siveb-city-tour2-2.jpg 515w, https:\/\/gracious-dhawan.212-227-211-20.plesk.page\/wp-content\/uploads\/2022\/08\/siveb-city-tour2-2-300x300.jpg 300w, https:\/\/gracious-dhawan.212-227-211-20.plesk.page\/wp-content\/uploads\/2022\/08\/siveb-city-tour2-2-150x150.jpg 150w\" sizes=\"auto, (max-width: 515px) 100vw, 515px\" \/><\/figure>\n<\/figure>\n<\/div><\/div>\n<\/div>\n<\/div>\n\n\n\n<div class=\"wp-block-columns is-layout-flex wp-container-core-columns-is-layout-9d6595d7 wp-block-columns-is-layout-flex\">\n<div class=\"wp-block-column has-background is-layout-flow wp-block-column-is-layout-flow\" style=\"background-color:#ed008c\">\n<hr class=\"wp-block-separator has-text-color has-white-color has-alpha-channel-opacity has-white-background-color has-background is-style-dots\"\/>\n\n\n\n<h2 class=\"has-text-align-center has-white-color has-text-color wp-block-heading\"><strong>CHRONOGRAMME DES ACTIVITES<\/strong><\/h2>\n<\/div>\n<\/div>\n\n\n\n<table id=\"tablepress-1\" class=\"tablepress tablepress-id-1\">\n<thead>\n<tr class=\"row-1 odd\">\n\t<th class=\"column-1\">HORAIRES<\/th><th class=\"column-2\">ACTIVITES<\/th>\n<\/tr>\n<\/thead>\n<tbody class=\"row-hover\">\n<tr class=\"row-2 even\">\n\t<td class=\"column-1\">Jour 1<\/td><td class=\"column-2\"><\/td>\n<\/tr>\n<tr class=\"row-3 odd\">\n\t<td class=\"column-1\">08h<\/td><td class=\"column-2\">Accueil et enregistrement des participants<\/td>\n<\/tr>\n<tr class=\"row-4 even\">\n\t<td class=\"column-1\">09h45<\/td><td class=\"column-2\">D\u00e9fil\u00e9 d\u2019ouverture<\/td>\n<\/tr>\n<tr class=\"row-5 odd\">\n\t<td class=\"column-1\">10h<\/td><td class=\"column-2\">Pr\u00e9sentation de l\u2019agenda de la rencontre<\/td>\n<\/tr>\n<tr class=\"row-6 even\">\n\t<td class=\"column-1\">10h15<\/td><td class=\"column-2\">- Mot introductif de la Pr\u00e9sidente comit\u00e9 d\u2019organisation<br \/>\n- Mot de la pr\u00e9sidente Nationale du REPROBEC<br \/>\n- Mot du MINMEESA<br \/>\n- Mot du DR des Arts et la culture<br \/>\n- Mot d\u2019ouverture du Maire de Maroua 1er<\/td>\n<\/tr>\n<tr class=\"row-7 odd\">\n\t<td class=\"column-1\">10h45-11h30<\/td><td class=\"column-2\">Photo de famille<br \/>\nVisite des stands<br \/>\nInterviews<\/td>\n<\/tr>\n<tr class=\"row-8 even\">\n\t<td class=\"column-1\">11h30-12h30<\/td><td class=\"column-2\">Pause-d\u00e9jeun\u00e9<\/td>\n<\/tr>\n<tr class=\"row-9 odd\">\n\t<td class=\"column-1\">12h30-14h30<\/td><td class=\"column-2\">Exhibitions<\/td>\n<\/tr>\n<tr class=\"row-10 even\">\n\t<td class=\"column-1\">14h30-16h<\/td><td class=\"column-2\">Jeux concours :<br \/>\n- Meilleur Coiffure artistique<br \/>\n- Meilleur maquillage artistique<\/td>\n<\/tr>\n<tr class=\"row-11 odd\">\n\t<td class=\"column-1\">Jour 2<br \/>\n<\/td><td class=\"column-2\"><\/td>\n<\/tr>\n<tr class=\"row-12 even\">\n\t<td class=\"column-1\">08h-10h<\/td><td class=\"column-2\">Accueil et enregistrement des participants<\/td>\n<\/tr>\n<tr class=\"row-13 odd\">\n\t<td class=\"column-1\">10h<\/td><td class=\"column-2\">Rappel de la journ\u00e9e 1<\/td>\n<\/tr>\n<tr class=\"row-14 even\">\n\t<td class=\"column-1\">10h10<\/td><td class=\"column-2\">Pause-caf\u00e9<\/td>\n<\/tr>\n<tr class=\"row-15 odd\">\n\t<td class=\"column-1\">10h30<\/td><td class=\"column-2\">Pr\u00e9sentation des Expos\u00e9s :<br \/>\nExpos\u00e9 1 : les produits locaux et cosm\u00e9tique<\/td>\n<\/tr>\n<tr class=\"row-16 even\">\n\t<td class=\"column-1\">10h45<\/td><td class=\"column-2\">Echanges<\/td>\n<\/tr>\n<tr class=\"row-17 odd\">\n\t<td class=\"column-1\">11h00<\/td><td class=\"column-2\">interm\u00e8des<\/td>\n<\/tr>\n<tr class=\"row-18 even\">\n\t<td class=\"column-1\">11h10<\/td><td class=\"column-2\">-Expos\u00e9 2 : les m\u00e9tiers du bien-\u00eatre: valeurs et d\u00e9bouch\u00e9s<\/td>\n<\/tr>\n<tr class=\"row-19 odd\">\n\t<td class=\"column-1\">11h25<\/td><td class=\"column-2\">Echanges<\/td>\n<\/tr>\n<tr class=\"row-20 even\">\n\t<td class=\"column-1\">12h00-13h<\/td><td class=\"column-2\">Pause-caf\u00e9<\/td>\n<\/tr>\n<tr class=\"row-21 odd\">\n\t<td class=\"column-1\">14h30-16h<\/td><td class=\"column-2\">Jeux concours :<br \/>\n- Meilleur tatouage<br \/>\n- Meilleur design de salon<\/td>\n<\/tr>\n<tr class=\"row-22 even\">\n\t<td class=\"column-1\">Jour 3<\/td><td class=\"column-2\"><\/td>\n<\/tr>\n<tr class=\"row-23 odd\">\n\t<td class=\"column-1\">08h-09h45<\/td><td class=\"column-2\">Accueil et enregistrement des participants<\/td>\n<\/tr>\n<tr class=\"row-24 even\">\n\t<td class=\"column-1\">09h45-10h00 <\/td><td class=\"column-2\">Arriv\u00e9e des officielles<br \/>\n<\/td>\n<\/tr>\n<tr class=\"row-25 odd\">\n\t<td class=\"column-1\">10h00 <br \/>\n<\/td><td class=\"column-2\">Restitution des concours<\/td>\n<\/tr>\n<tr class=\"row-26 even\">\n\t<td class=\"column-1\">10h20 <br \/>\n<\/td><td class=\"column-2\">Remise des prix<\/td>\n<\/tr>\n<tr class=\"row-27 odd\">\n\t<td class=\"column-1\">10h50 <br \/>\n<\/td><td class=\"column-2\">Lectures des recommandations<\/td>\n<\/tr>\n<tr class=\"row-28 even\">\n\t<td class=\"column-1\">11h00 <br \/>\n<\/td><td class=\"column-2\">Cocktails de Fin Exhibitions<\/td>\n<\/tr>\n<\/tbody>\n<tfoot>\n<tr class=\"row-29 odd\">\n\t<th class=\"column-1\">16h00<\/th><th class=\"column-2\">Fin de l\u2019\u00e9v\u00e8nement<\/th>\n<\/tr>\n<\/tfoot>\n<\/table>\n<!-- #tablepress-1 from cache -->\n\n\n\n<div class=\"wp-block-columns is-layout-flex wp-container-core-columns-is-layout-9d6595d7 wp-block-columns-is-layout-flex\">\n<div class=\"wp-block-column is-layout-flow wp-block-column-is-layout-flow\">\n<div class=\"wp-block-buttons is-content-justification-center is-layout-flex wp-container-core-buttons-is-layout-16018d1d wp-block-buttons-is-layout-flex\">\n<div class=\"wp-block-button\"><a class=\"wp-block-button__link has-background\" style=\"background-color:#ed008c\">R\u00e9server votre place Maintenant<\/a><\/div>\n<\/div>\n<\/div>\n<\/div>\n\n\n\n<div class=\"wp-block-columns is-layout-flex wp-container-core-columns-is-layout-9d6595d7 wp-block-columns-is-layout-flex\">\n<div class=\"wp-block-column is-layout-flow wp-block-column-is-layout-flow\">\n<div class=\"wp-block-cover is-light\" style=\"min-height:396px;aspect-ratio:unset;\"><span aria-hidden=\"true\" class=\"wp-block-cover__background has-background-dim\"><\/span><img loading=\"lazy\" decoding=\"async\" width=\"2560\" height=\"1118\" class=\"wp-block-cover__image-background wp-image-734\" alt=\"\" src=\"https:\/\/gracious-dhawan.212-227-211-20.plesk.page\/wp-content\/uploads\/2022\/08\/siveb-city-tour4-1-scaled.jpg\" data-object-fit=\"cover\" srcset=\"https:\/\/gracious-dhawan.212-227-211-20.plesk.page\/wp-content\/uploads\/2022\/08\/siveb-city-tour4-1-scaled.jpg 2560w, https:\/\/gracious-dhawan.212-227-211-20.plesk.page\/wp-content\/uploads\/2022\/08\/siveb-city-tour4-1-300x131.jpg 300w, https:\/\/gracious-dhawan.212-227-211-20.plesk.page\/wp-content\/uploads\/2022\/08\/siveb-city-tour4-1-1024x447.jpg 1024w, https:\/\/gracious-dhawan.212-227-211-20.plesk.page\/wp-content\/uploads\/2022\/08\/siveb-city-tour4-1-768x335.jpg 768w, https:\/\/gracious-dhawan.212-227-211-20.plesk.page\/wp-content\/uploads\/2022\/08\/siveb-city-tour4-1-1536x671.jpg 1536w, https:\/\/gracious-dhawan.212-227-211-20.plesk.page\/wp-content\/uploads\/2022\/08\/siveb-city-tour4-1-2048x894.jpg 2048w\" sizes=\"auto, (max-width: 2560px) 100vw, 2560px\" \/><div class=\"wp-block-cover__inner-container is-layout-flow wp-block-cover-is-layout-flow\">\n<p class=\"has-text-align-center has-large-font-size\"><\/p>\n<\/div><\/div>\n<\/div>\n<\/div>\n\n\n\n<div class=\"wp-block-columns is-layout-flex wp-container-core-columns-is-layout-9d6595d7 wp-block-columns-is-layout-flex\">\n<div class=\"wp-block-column is-layout-flow wp-block-column-is-layout-flow\"><\/div>\n<\/div>\n","protected":false},"excerpt":{"rendered":"<p>PRESENTATION Le Salon International des industries de la chaine de Valeur Bien-\u00eatre et Esth\u00e9tique (SIVEB) vise la promotion du label \u00ab fabriqu\u00e9 en Afrique avec les produits locaux pour le bien \u00eatre des peaux africaines \u00bb. Il a pour mission la promotion, la capitalisation et la valorisation des savoirs faires des acteurs de la chaine [&hellip;]<\/p>\n","protected":false},"author":1,"featured_media":0,"parent":0,"menu_order":0,"comment_status":"closed","ping_status":"closed","template":"page-templates\/fullwidth-without-title.php","meta":{"footnotes":""},"class_list":["post-650","page","type-page","status-publish","hentry"],"_links":{"self":[{"href":"https:\/\/gracious-dhawan.212-227-211-20.plesk.page\/index.php\/wp-json\/wp\/v2\/pages\/650","targetHints":{"allow":["GET"]}}],"collection":[{"href":"https:\/\/gracious-dhawan.212-227-211-20.plesk.page\/index.php\/wp-json\/wp\/v2\/pages"}],"about":[{"href":"https:\/\/gracious-dhawan.212-227-211-20.plesk.page\/index.php\/wp-json\/wp\/v2\/types\/page"}],"author":[{"embeddable":true,"href":"https:\/\/gracious-dhawan.212-227-211-20.plesk.page\/index.php\/wp-json\/wp\/v2\/users\/1"}],"replies":[{"embeddable":true,"href":"https:\/\/gracious-dhawan.212-227-211-20.plesk.page\/index.php\/wp-json\/wp\/v2\/comments?post=650"}],"version-history":[{"count":34,"href":"https:\/\/gracious-dhawan.212-227-211-20.plesk.page\/index.php\/wp-json\/wp\/v2\/pages\/650\/revisions"}],"predecessor-version":[{"id":739,"href":"https:\/\/gracious-dhawan.212-227-211-20.plesk.page\/index.php\/wp-json\/wp\/v2\/pages\/650\/revisions\/739"}],"wp:attachment":[{"href":"https:\/\/gracious-dhawan.212-227-211-20.plesk.page\/index.php\/wp-json\/wp\/v2\/media?parent=650"}],"curies":[{"name":"wp","href":"https:\/\/api.w.org\/{rel}","templated":true}]}}